{"id":1806,"date":"2016-11-25T16:18:13","date_gmt":"2016-11-25T15:18:13","guid":{"rendered":"http:\/\/www.cantarini-mec.it\/divisione-edilizia\/?page_id=1806"},"modified":"2016-11-30T18:04:36","modified_gmt":"2016-11-30T17:04:36","slug":"divisioneedilizia","status":"publish","type":"page","link":"https:\/\/www.cantarini-mec.it\/divisione-edilizia\/","title":{"rendered":"Divisione Edilizia"},"content":{"rendered":"<div align=\"center\">\n<h3><span style=\"color: #5c8f40;\">Vi presentiamo Cantarini Meccaniche Castelfidardo Divisione Edilizia<\/span><\/h3>\n<h2><span style=\"color: #5c8f40;\">\u201cPROGETTO CASA FUTURA\u201d<\/span><\/h2>\n<\/div>\n<hr \/>\n<p>Lo direste mai che questa bellissima casa ha un\u2019anima metallica?<br \/>\nLa sua struttura garantisce sicurezza e stabilit\u00e0 nella costruzione, il rispetto dei pi\u00f9 severi criteri antisismici , leggerezza ed elasticit\u00e0<br \/>\nVeloce nei tempi di realizzazione, massimo isolamento termoacustico e costi competitivi!<\/p>\n<p>Cantarini Meccaniche Divisione Edilizia si avvale di un team di professionisti del settore sempre alla ricerca delle soluzioni pi\u00f9 innovative, tecnologiche ed estetiche, ed \u00e8 in possesso delle certificazioni europee in materia di costruzioni metalliche per ambiti civili<\/p>\n<p>Cantarini Meccaniche \u2013 Divisione Edilizia \u201cPROGETTO CASA FUTURA\u201d:\u2026sicurezza\u2026per sempre!<\/p>\n<p><iframe loading=\"lazy\" src=\"https:\/\/www.youtube.com\/embed\/JZ13uSX60xA\" width=\"560\" height=\"315\" frameborder=\"0\" allowfullscreen=\"allowfullscreen\"><\/iframe><\/p>\n","protected":false},"excerpt":{"rendered":"<p>Vi presentiamo Cantarini Meccaniche Castelfidardo Divisione Edilizia \u201cPROGETTO CASA FUTURA\u201d Lo direste mai che questa bellissima casa ha un\u2019anima metallica? La sua struttura garantisce sicurezza e stabilit\u00e0 nella costruzione, il rispetto dei pi\u00f9 severi criteri antisismici , leggerezza ed elasticit\u00e0 Veloce nei tempi di realizzazione, massimo isolamento termoacustico e costi competitivi! Cantarini Meccaniche Divisione Edilizia [&hellip;]<\/p>\n","protected":false},"author":4,"featured_media":0,"parent":0,"menu_order":0,"comment_status":"closed","ping_status":"closed","template":"","meta":{"footnotes":""},"class_list":["post-1806","page","type-page","status-publish","hentry"],"_links":{"self":[{"href":"https:\/\/www.cantarini-mec.it\/divisione-edilizia\/wp-json\/wp\/v2\/pages\/1806","targetHints":{"allow":["GET"]}}],"collection":[{"href":"https:\/\/www.cantarini-mec.it\/divisione-edilizia\/wp-json\/wp\/v2\/pages"}],"about":[{"href":"https:\/\/www.cantarini-mec.it\/divisione-edilizia\/wp-json\/wp\/v2\/types\/page"}],"author":[{"embeddable":true,"href":"https:\/\/www.cantarini-mec.it\/divisione-edilizia\/wp-json\/wp\/v2\/users\/4"}],"replies":[{"embeddable":true,"href":"https:\/\/www.cantarini-mec.it\/divisione-edilizia\/wp-json\/wp\/v2\/comments?post=1806"}],"version-history":[{"count":8,"href":"https:\/\/www.cantarini-mec.it\/divisione-edilizia\/wp-json\/wp\/v2\/pages\/1806\/revisions"}],"predecessor-version":[{"id":1944,"href":"https:\/\/www.cantarini-mec.it\/divisione-edilizia\/wp-json\/wp\/v2\/pages\/1806\/revisions\/1944"}],"wp:attachment":[{"href":"https:\/\/www.cantarini-mec.it\/divisione-edilizia\/wp-json\/wp\/v2\/media?parent=1806"}],"curies":[{"name":"wp","href":"https:\/\/api.w.org\/{rel}","templated":true}]}}